{"id":61478,"date":"2021-03-31T09:24:32","date_gmt":"2021-03-31T07:24:32","guid":{"rendered":"https:\/\/www.a-visee-pro.fr\/?page_id=61478"},"modified":"2021-11-29T22:57:06","modified_gmt":"2021-11-29T21:57:06","slug":"presentation","status":"publish","type":"page","link":"https:\/\/www.a-visee-pro.fr\/index.php\/presentation\/","title":{"rendered":"Pr\u00e9sentation"},"content":{"rendered":"\n<div class=\"wp-block-columns\">\n<div class=\"wp-block-column\" style=\"flex-basis:30%\">\n<figure class=\"wp-block-image size-large\"><img loading=\"lazy\" width=\"224\" height=\"315\" src=\"https:\/\/www.a-visee-pro.fr\/wp-content\/uploads\/2021\/03\/sandrine.jpg\" alt=\"\" class=\"wp-image-62160\" srcset=\"https:\/\/www.a-visee-pro.fr\/wp-content\/uploads\/2021\/03\/sandrine.jpg 224w, https:\/\/www.a-visee-pro.fr\/wp-content\/uploads\/2021\/03\/sandrine-213x300.jpg 213w\" sizes=\"(max-width: 224px) 100vw, 224px\" \/><\/figure>\n<\/div>\n\n\n\n<div class=\"wp-block-column\" style=\"flex-basis:70%\">\n<p><\/p>\n\n\n\n<p class=\"has-text-color has-medium-font-size\" style=\"color:#0000ff\">Je m&rsquo;appelle Sandrine ATTY, consultante en bilan de comp\u00e9tences et dirigeante du centre de formation A Vis\u00e9e Pro.<\/p>\n\n\n\n<p class=\"has-text-color has-medium-font-size\" style=\"color:#0000ff\">A tr\u00e8s vite !<\/p>\n\n\n\n<div style=\"height:100px\" aria-hidden=\"true\" class=\"wp-block-spacer\"><\/div>\n\n\n\n<div class=\"wp-block-file\"><a href=\"https:\/\/www.a-visee-pro.fr\/wp-content\/uploads\/2021\/11\/Modalites-dintervention.pdf\" target=\"_blank\" rel=\"noreferrer noopener\">Modalites-d-intervention<\/a><a href=\"https:\/\/www.a-visee-pro.fr\/wp-content\/uploads\/2021\/11\/Modalites-dintervention.pdf\" class=\"wp-block-file__button\" download>T\u00e9l\u00e9charger<\/a><\/div>\n<\/div>\n<\/div>\n","protected":false},"excerpt":{"rendered":"<p>Je m&rsquo;appelle Sandrine ATTY, consultante en bilan de comp\u00e9tences et dirigeante du centre de formation A Vis\u00e9e Pro. A tr\u00e8s vite !<span class=\"more-link\"><a href=\"https:\/\/www.a-visee-pro.fr\/index.php\/presentation\/\">Continue Reading<\/a><\/span><\/p>\n","protected":false},"author":2,"featured_media":0,"parent":0,"menu_order":0,"comment_status":"closed","ping_status":"closed","template":"","meta":{"_monsterinsights_skip_tracking":false,"_monsterinsights_sitenote_active":false,"_monsterinsights_sitenote_note":"","_monsterinsights_sitenote_category":0,"_themeisle_gutenberg_block_has_review":false},"_links":{"self":[{"href":"https:\/\/www.a-visee-pro.fr\/index.php\/wp-json\/wp\/v2\/pages\/61478"}],"collection":[{"href":"https:\/\/www.a-visee-pro.fr\/index.php\/wp-json\/wp\/v2\/pages"}],"about":[{"href":"https:\/\/www.a-visee-pro.fr\/index.php\/wp-json\/wp\/v2\/types\/page"}],"author":[{"embeddable":true,"href":"https:\/\/www.a-visee-pro.fr\/index.php\/wp-json\/wp\/v2\/users\/2"}],"replies":[{"embeddable":true,"href":"https:\/\/www.a-visee-pro.fr\/index.php\/wp-json\/wp\/v2\/comments?post=61478"}],"version-history":[{"count":5,"href":"https:\/\/www.a-visee-pro.fr\/index.php\/wp-json\/wp\/v2\/pages\/61478\/revisions"}],"predecessor-version":[{"id":127614,"href":"https:\/\/www.a-visee-pro.fr\/index.php\/wp-json\/wp\/v2\/pages\/61478\/revisions\/127614"}],"wp:attachment":[{"href":"https:\/\/www.a-visee-pro.fr\/index.php\/wp-json\/wp\/v2\/media?parent=61478"}],"curies":[{"name":"wp","href":"https:\/\/api.w.org\/{rel}","templated":true}]}}