{"id":260,"date":"2020-03-23T19:20:28","date_gmt":"2020-03-23T18:20:28","guid":{"rendered":"http:\/\/www.a-visee-pro.fr\/?page_id=260"},"modified":"2021-03-30T23:57:15","modified_gmt":"2021-03-30T21:57:15","slug":"accueil","status":"publish","type":"page","link":"https:\/\/www.a-visee-pro.fr\/","title":{"rendered":"Accueil"},"content":{"rendered":"\n<p class=\"has-text-align-center has-black-color has-text-color\"><font size=\"6pt\"><\/font><\/p>\n\n\n<p>[smartslider3 slider=\u00a0\u00bb2&Prime;]<\/p>\n\n\n\n<p class=\"has-text-align-center has-black-color has-text-color\"><font size=\"6pt\"><\/font><\/p>\n\n\n\n<div class=\"wp-block-columns alignwide\">\n<div class=\"wp-block-column\">\t            <div class=\"image-hover-page-container animatedParent\">\r\n\t                <div class=\"row\">\r\n\t                    \t                        \t                            \t                                \t                                <div class=\"col-lg-12 col-sm-6\">\r\n\t                                    <div class=\"ih-item square effect7   left_to_right\">\r\n\t                                        <a class=\"taphover\" href=\"https:\/\/www.a-visee-pro.fr\/index.php\/bilan-de-competences\/\">\r\n\t                                            \t                                            <div class=\"img\">\r\n\t                                                <img style=\"height:100%;\" src=\"https:\/\/www.a-visee-pro.fr\/wp-content\/uploads\/2021\/03\/shutterstock_266449088-1.jpg\" alt=\"img\">\r\n\t                                                \t                                            <\/div>\r\n\t                                            \t                                                <div class=\"info\">\r\n\t                                                    <h3 style=\"color:#fff\">\r\n\t                                                    \tBilan de Comp\u00e9tences\t                                                    <\/h3>\r\n\t                                                    <p style=\"color:\">\r\n\t                                                        24h\t                                                    <\/p>\r\n\t                                                <\/div>\r\n\t                                            \t                                        <\/a>\r\n\t                                    <\/div>\r\n\t                                <\/div>\r\n\t                            \t                            \t                                <\/div><div class=\"row\">\r\n\t                            \t                        \t                    \t                        \t                            \t                            \t                                <\/div><div class=\"row\">\r\n\t                            \t                        \t                    \t                        \t                            \t                            \t                                <\/div><div class=\"row\">\r\n\t                            \t                        \t                    \t                <\/div>\r\n\t            <\/div>\r\n\t            \n\n\n\n<p class=\"has-text-align-center\"><strong>Vous vous posez des questions sur votre avenir professionnel ?<\/strong><\/p>\n\n\n\n<p class=\"has-text-align-center\"><strong>Vous avez besoin d\u2019aide pour y voir + clair ?<\/strong><\/p>\n\n\n\n<p class=\"has-text-align-center\"><strong>R\u00e9alisez un bilan de comp\u00e9tences !<\/strong><\/p>\n<\/div>\n\n\n\n<div class=\"wp-block-column\">\t            <div class=\"image-hover-page-container animatedParent\">\r\n\t                <div class=\"row\">\r\n\t                    \t                        \t                            \t                            \t                        \t                    \t                        \t                            \t                                \t                                <div class=\"col-lg-12 col-sm-6\">\r\n\t                                    <div class=\"ih-item square effect7   right_to_left\">\r\n\t                                        <a class=\"taphover\" href=\"https:\/\/www.a-visee-pro.fr\/index.php\/bilans-modulaires\/\">\r\n\t                                            \t                                            <div class=\"img\">\r\n\t                                                <img style=\"height:100%;\" src=\"https:\/\/www.a-visee-pro.fr\/wp-content\/uploads\/2021\/03\/shutterstock_509449735-2.jpg\" alt=\"img\">\r\n\t                                                \t                                            <\/div>\r\n\t                                            \t                                                <div class=\"info\">\r\n\t                                                    <h3 style=\"color:#fff\">\r\n\t                                                    \tBilan Modulaire\t                                                    <\/h3>\r\n\t                                                    <p style=\"color:\">\r\n\t                                                        Sur une th\u00e9matique pr\u00e9cise\t                                                    <\/p>\r\n\t                                                <\/div>\r\n\t                                            \t                                        <\/a>\r\n\t                                    <\/div>\r\n\t                                <\/div>\r\n\t                            \t                            \t                                <\/div><div class=\"row\">\r\n\t                            \t                        \t                    \t                        \t                            \t                            \t                                <\/div><div class=\"row\">\r\n\t                            \t                        \t                    \t                <\/div>\r\n\t            <\/div>\r\n\t            \n\n\n\n<p class=\"has-text-align-center\"><strong>Vous pr\u00e9f\u00e9rez un accompagnement personnalis\u00e9 sur une th\u00e9matique pr\u00e9cise ?<\/strong><\/p>\n\n\n\n<p class=\"has-text-align-center\"><strong>Optez pour un bilan modulaire !<\/strong><\/p>\n<\/div>\n\n\n\n<div class=\"wp-block-column\">\t            <div class=\"image-hover-page-container animatedParent\">\r\n\t                <div class=\"row\">\r\n\t                    \t                        \t                            \t                            \t                        \t                    \t                        \t                            \t                            \t                        \t                    \t                        \t                            \t                                \t                                <div class=\"col-lg-12 col-sm-6\">\r\n\t                                    <div class=\"ih-item square effect7   left_to_right\">\r\n\t                                        <a class=\"taphover\" href=\"https:\/\/www.a-visee-pro.fr\/index.php\/accompagnement\/\">\r\n\t                                            \t                                            <div class=\"img\">\r\n\t                                                <img style=\"height:100%;\" src=\"https:\/\/www.a-visee-pro.fr\/wp-content\/uploads\/2021\/03\/shutterstock_696395968-scaled.jpg\" alt=\"img\">\r\n\t                                                \t                                            <\/div>\r\n\t                                            \t                                                <div class=\"info\">\r\n\t                                                    <h3 style=\"color:#fff\">\r\n\t                                                    \tAccompagnement\t                                                    <\/h3>\r\n\t                                                    <p style=\"color:\">\r\n\t                                                        Rendez-vous d\\&#039;1h ou 1h30\t                                                    <\/p>\r\n\t                                                <\/div>\r\n\t                                            \t                                        <\/a>\r\n\t                                    <\/div>\r\n\t                                <\/div>\r\n\t                            \t                            \t                                <\/div><div class=\"row\">\r\n\t                            \t                        \t                    \t                <\/div>\r\n\t            <\/div>\r\n\t            \n\n\n\n<p class=\"has-text-align-center\"><strong>Un besoin ponctuel ?<\/strong><\/p>\n\n\n\n<p class=\"has-text-align-center\"><strong>N&rsquo;h\u00e9sitez pas \u00e0 me contacter !<\/strong><\/p>\n<\/div>\n<\/div>\n\n\n\n<p><\/p>\n","protected":false},"excerpt":{"rendered":"<p>Vous vous posez des questions sur votre avenir professionnel ? Vous avez besoin d\u2019aide pour y voir + clair ? R\u00e9alisez un bilan de comp\u00e9tences ! Vous pr\u00e9f\u00e9rez un accompagnement personnalis\u00e9 sur une th\u00e9matique pr\u00e9cise ? Optez pour un bilan modulaire ! Un besoin ponctuel ? N&rsquo;h\u00e9sitez pas \u00e0 me<span class=\"more-link\"><a href=\"https:\/\/www.a-visee-pro.fr\/\">Continue Reading<\/a><\/span><\/p>\n","protected":false},"author":2,"featured_media":0,"parent":0,"menu_order":0,"comment_status":"closed","ping_status":"closed","template":"","meta":{"_monsterinsights_skip_tracking":false,"_monsterinsights_sitenote_active":false,"_monsterinsights_sitenote_note":"","_monsterinsights_sitenote_category":0,"_themeisle_gutenberg_block_has_review":false},"_links":{"self":[{"href":"https:\/\/www.a-visee-pro.fr\/index.php\/wp-json\/wp\/v2\/pages\/260"}],"collection":[{"href":"https:\/\/www.a-visee-pro.fr\/index.php\/wp-json\/wp\/v2\/pages"}],"about":[{"href":"https:\/\/www.a-visee-pro.fr\/index.php\/wp-json\/wp\/v2\/types\/page"}],"author":[{"embeddable":true,"href":"https:\/\/www.a-visee-pro.fr\/index.php\/wp-json\/wp\/v2\/users\/2"}],"replies":[{"embeddable":true,"href":"https:\/\/www.a-visee-pro.fr\/index.php\/wp-json\/wp\/v2\/comments?post=260"}],"version-history":[{"count":105,"href":"https:\/\/www.a-visee-pro.fr\/index.php\/wp-json\/wp\/v2\/pages\/260\/revisions"}],"predecessor-version":[{"id":61359,"href":"https:\/\/www.a-visee-pro.fr\/index.php\/wp-json\/wp\/v2\/pages\/260\/revisions\/61359"}],"wp:attachment":[{"href":"https:\/\/www.a-visee-pro.fr\/index.php\/wp-json\/wp\/v2\/media?parent=260"}],"curies":[{"name":"wp","href":"https:\/\/api.w.org\/{rel}","templated":true}]}}