{"id":125900,"date":"2021-11-25T23:29:45","date_gmt":"2021-11-25T22:29:45","guid":{"rendered":"https:\/\/www.a-visee-pro.fr\/?page_id=125900"},"modified":"2021-11-30T14:23:41","modified_gmt":"2021-11-30T13:23:41","slug":"reclamation","status":"publish","type":"page","link":"https:\/\/www.a-visee-pro.fr\/index.php\/reclamation\/","title":{"rendered":"R\u00e9clamation"},"content":{"rendered":"\n<p><strong>Vous avez une r\u00e9clamation ?<\/strong> <\/p>\n\n\n\n<p>Compl\u00e9tez le formulaire en ligne ou t\u00e9l\u00e9chargez le PDF ci-dessous.<\/p>\n\n\n\n<div class=\"wp-block-file\"><a href=\"https:\/\/www.a-visee-pro.fr\/wp-content\/uploads\/2021\/11\/Procedure-reclamation.pdf\" target=\"_blank\" rel=\"noreferrer noopener\">Procedure-reclamation<\/a><a href=\"https:\/\/www.a-visee-pro.fr\/wp-content\/uploads\/2021\/11\/Procedure-reclamation.pdf\" class=\"wp-block-file__button\" download>T\u00e9l\u00e9charger<\/a><\/div>\n\n\n\n<div class=\"wp-block-file\"><a href=\"https:\/\/www.a-visee-pro.fr\/wp-content\/uploads\/2021\/11\/Formulaire-de-reclamation.pdf\" target=\"_blank\" rel=\"noreferrer noopener\">Formulaire-de-reclamation<\/a><a href=\"https:\/\/www.a-visee-pro.fr\/wp-content\/uploads\/2021\/11\/Formulaire-de-reclamation.pdf\" class=\"wp-block-file__button\" download>T\u00e9l\u00e9charger<\/a><\/div>\n\n\n<div class=\"wpforms-container wpforms-container-full wpforms-block\" id=\"wpforms-125839\"><form id=\"wpforms-form-125839\" class=\"wpforms-validate wpforms-form\" data-formid=\"125839\" method=\"post\" enctype=\"multipart\/form-data\" action=\"\/index.php\/wp-json\/wp\/v2\/pages\/125900\" data-token=\"71287f56d765223cd2e6b2ad8e95d939\" data-token-time=\"1777512853\"><noscript class=\"wpforms-error-noscript\">Veuillez activer JavaScript dans votre navigateur pour remplir ce formulaire.<\/noscript><div class=\"wpforms-field-container\"><div id=\"wpforms-125839-field_4-container\" class=\"wpforms-field wpforms-field-name\" data-field-id=\"4\"><label class=\"wpforms-field-label\" for=\"wpforms-125839-field_4\">Pr\u00e9nom <span class=\"wpforms-required-label\">*<\/span><\/label><input type=\"text\" id=\"wpforms-125839-field_4\" class=\"wpforms-field-small wpforms-field-required\" name=\"wpforms[fields][4]\" required><\/div><div id=\"wpforms-125839-field_0-container\" class=\"wpforms-field wpforms-field-name\" data-field-id=\"0\"><label class=\"wpforms-field-label\" for=\"wpforms-125839-field_0\">Nom <span class=\"wpforms-required-label\">*<\/span><\/label><input type=\"text\" id=\"wpforms-125839-field_0\" class=\"wpforms-field-small wpforms-field-required\" name=\"wpforms[fields][0]\" required><\/div><div id=\"wpforms-125839-field_10-container\" class=\"wpforms-field wpforms-field-text\" data-field-id=\"10\"><label class=\"wpforms-field-label\" for=\"wpforms-125839-field_10\">T\u00e9l\u00e9phone <span class=\"wpforms-required-label\">*<\/span><\/label><input type=\"text\" id=\"wpforms-125839-field_10\" class=\"wpforms-field-small wpforms-field-required wpforms-masked-input\" data-rule-inputmask-incomplete=\"1\" data-inputmask-mask=\"9999999999\" name=\"wpforms[fields][10]\" required><\/div><div id=\"wpforms-125839-field_1-container\" class=\"wpforms-field wpforms-field-email\" data-field-id=\"1\"><label class=\"wpforms-field-label\" for=\"wpforms-125839-field_1\">E-mail <span class=\"wpforms-required-label\">*<\/span><\/label><input type=\"email\" id=\"wpforms-125839-field_1\" class=\"wpforms-field-medium wpforms-field-required\" name=\"wpforms[fields][1]\" spellcheck=\"false\" required><\/div><div id=\"wpforms-125839-field_14-container\" class=\"wpforms-field wpforms-field-text\" data-field-id=\"14\"><label class=\"wpforms-field-label\" for=\"wpforms-125839-field_14\">Adresse <span class=\"wpforms-required-label\">*<\/span><\/label><input type=\"text\" id=\"wpforms-125839-field_14\" class=\"wpforms-field-large wpforms-field-required\" name=\"wpforms[fields][14]\" required><\/div><div id=\"wpforms-125839-field_16-container\" class=\"wpforms-field wpforms-field-number\" data-field-id=\"16\"><label class=\"wpforms-field-label\" for=\"wpforms-125839-field_16\">Code Postal <span class=\"wpforms-required-label\">*<\/span><\/label><input type=\"number\" id=\"wpforms-125839-field_16\" class=\"wpforms-field-small wpforms-field-required\" name=\"wpforms[fields][16]\" step=\"any\" required><\/div><div id=\"wpforms-125839-field_17-container\" class=\"wpforms-field wpforms-field-text\" data-field-id=\"17\"><label class=\"wpforms-field-label\" for=\"wpforms-125839-field_17\">Ville <span class=\"wpforms-required-label\">*<\/span><\/label><input type=\"text\" id=\"wpforms-125839-field_17\" class=\"wpforms-field-medium wpforms-field-required\" name=\"wpforms[fields][17]\" required><\/div><div id=\"wpforms-125839-field_18-container\" class=\"wpforms-field wpforms-field-text\" data-field-id=\"18\"><label class=\"wpforms-field-label\" for=\"wpforms-125839-field_18\">Objet de la r\u00e9clamation <span class=\"wpforms-required-label\">*<\/span><\/label><input type=\"text\" id=\"wpforms-125839-field_18\" class=\"wpforms-field-medium wpforms-field-required\" name=\"wpforms[fields][18]\" required><\/div><div id=\"wpforms-125839-field_2-container\" class=\"wpforms-field wpforms-field-textarea\" data-field-id=\"2\"><label class=\"wpforms-field-label\" for=\"wpforms-125839-field_2\">Description explicite (dysfonctionnement identifi\u00e9, date, lieu, intervenant, &#8230;) <span class=\"wpforms-required-label\">*<\/span><\/label><textarea id=\"wpforms-125839-field_2\" class=\"wpforms-field-large wpforms-field-required\" name=\"wpforms[fields][2]\" required><\/textarea><\/div><div id=\"wpforms-125839-field_6-container\" class=\"wpforms-field wpforms-field-checkbox\" data-field-id=\"6\"><label class=\"wpforms-field-label wpforms-label-hide\">Cases \u00e0 cocher <span class=\"wpforms-required-label\">*<\/span><\/label><ul id=\"wpforms-125839-field_6\" class=\"wpforms-field-required\" data-choice-limit=\"1\"><li class=\"choice-1 depth-1\"><input type=\"checkbox\" id=\"wpforms-125839-field_6_1\" data-rule-check-limit=\"true\" name=\"wpforms[fields][6][]\" value=\"En cochant la case, j&#039;accepte la politique de confidentialit\u00e9 du site (voir bas de page)\" required ><label class=\"wpforms-field-label-inline\" for=\"wpforms-125839-field_6_1\">En cochant la case, j&rsquo;accepte la politique de confidentialit\u00e9 du site (voir bas de page)<\/label><\/li><\/ul><\/div><div id=\"wpforms-125839-field_8-container\" class=\"wpforms-field wpforms-field-gdpr-checkbox\" data-field-id=\"8\"><label class=\"wpforms-field-label wpforms-label-hide\">Accord RGPD <span class=\"wpforms-required-label\">*<\/span><\/label><ul id=\"wpforms-125839-field_8\" class=\"wpforms-field-required\"><li class=\"choice-1\"><input type=\"checkbox\" id=\"wpforms-125839-field_8_1\" name=\"wpforms[fields][8][]\" value=\"Je consens \u00e0 ce que ce site stocke mes informations envoy\u00e9es afin qu\u2019ils puissent r\u00e9pondre \u00e0 ma requ\u00eate.\" required ><label class=\"wpforms-field-label-inline\" for=\"wpforms-125839-field_8_1\">Je consens \u00e0 ce que ce site stocke mes informations envoy\u00e9es afin qu\u2019ils puissent r\u00e9pondre \u00e0 ma requ\u00eate. <span class=\"wpforms-required-label\">*<\/span><\/label><\/li><\/ul><\/div><\/div><!-- .wpforms-field-container --><div class=\"wpforms-field wpforms-field-hp\"><label for=\"wpforms-125839-field-hp\" class=\"wpforms-field-label\">Website<\/label><input type=\"text\" name=\"wpforms[hp]\" id=\"wpforms-125839-field-hp\" class=\"wpforms-field-medium\"><\/div><div class=\"wpforms-recaptcha-container wpforms-is-recaptcha wpforms-is-recaptcha-type-v2\" ><div class=\"g-recaptcha\" data-sitekey=\"6Lddm78sAAAAACJsBwAgHie5Ll5P-_l-g_5Ew5Ob\"><\/div><input type=\"text\" name=\"g-recaptcha-hidden\" class=\"wpforms-recaptcha-hidden\" style=\"position:absolute!important;clip:rect(0,0,0,0)!important;height:1px!important;width:1px!important;border:0!important;overflow:hidden!important;padding:0!important;margin:0!important;\" data-rule-recaptcha=\"1\"><\/div><div class=\"wpforms-submit-container\" ><input type=\"hidden\" name=\"wpforms[id]\" value=\"125839\"><input type=\"hidden\" name=\"page_title\" value=\"\"><input type=\"hidden\" name=\"page_url\" value=\"https:\/\/www.a-visee-pro.fr\/index.php\/wp-json\/wp\/v2\/pages\/125900\"><input type=\"hidden\" name=\"url_referer\" value=\"\"><button type=\"submit\" name=\"wpforms[submit]\" id=\"wpforms-submit-125839\" class=\"wpforms-submit\" data-alt-text=\"Envoi...\" data-submit-text=\"Envoyer\" aria-live=\"assertive\" value=\"wpforms-submit\">Envoyer<\/button><\/div><\/form><\/div>  <!-- .wpforms-container -->\n\n\n<p>Conform\u00e9ment \u00e0 la loi Informatique et Libert\u00e9s du 6 janvier 1978, vous disposez d&rsquo;un droit d&rsquo;acc\u00e8s et de rectification aux donn\u00e9es personnelles vous concernant. Seul l&rsquo;organisme est destinataire des informations que vous lui communiquez.<\/p>\n","protected":false},"excerpt":{"rendered":"<p>Vous avez une r\u00e9clamation ? Compl\u00e9tez le formulaire en ligne ou t\u00e9l\u00e9chargez le PDF ci-dessous. Conform\u00e9ment \u00e0 la loi Informatique et Libert\u00e9s du 6 janvier 1978, vous disposez d&rsquo;un droit d&rsquo;acc\u00e8s et de rectification aux donn\u00e9es personnelles vous concernant. Seul l&rsquo;organisme est destinataire des informations que vous lui communiquez.<span class=\"more-link\"><a href=\"https:\/\/www.a-visee-pro.fr\/index.php\/reclamation\/\">Continue Reading<\/a><\/span><\/p>\n","protected":false},"author":2,"featured_media":0,"parent":0,"menu_order":0,"comment_status":"closed","ping_status":"closed","template":"","meta":{"_monsterinsights_skip_tracking":false,"_monsterinsights_sitenote_active":false,"_monsterinsights_sitenote_note":"","_monsterinsights_sitenote_category":0,"_themeisle_gutenberg_block_has_review":false},"_links":{"self":[{"href":"https:\/\/www.a-visee-pro.fr\/index.php\/wp-json\/wp\/v2\/pages\/125900"}],"collection":[{"href":"https:\/\/www.a-visee-pro.fr\/index.php\/wp-json\/wp\/v2\/pages"}],"about":[{"href":"https:\/\/www.a-visee-pro.fr\/index.php\/wp-json\/wp\/v2\/types\/page"}],"author":[{"embeddable":true,"href":"https:\/\/www.a-visee-pro.fr\/index.php\/wp-json\/wp\/v2\/users\/2"}],"replies":[{"embeddable":true,"href":"https:\/\/www.a-visee-pro.fr\/index.php\/wp-json\/wp\/v2\/comments?post=125900"}],"version-history":[{"count":3,"href":"https:\/\/www.a-visee-pro.fr\/index.php\/wp-json\/wp\/v2\/pages\/125900\/revisions"}],"predecessor-version":[{"id":128159,"href":"https:\/\/www.a-visee-pro.fr\/index.php\/wp-json\/wp\/v2\/pages\/125900\/revisions\/128159"}],"wp:attachment":[{"href":"https:\/\/www.a-visee-pro.fr\/index.php\/wp-json\/wp\/v2\/media?parent=125900"}],"curies":[{"name":"wp","href":"https:\/\/api.w.org\/{rel}","templated":true}]}}